{"id":633,"date":"2022-05-03T02:56:10","date_gmt":"2022-05-03T02:56:10","guid":{"rendered":"http:\/\/toplevelhomeloans.com\/?page_id=633"},"modified":"2024-02-26T13:47:49","modified_gmt":"2024-02-26T13:47:49","slug":"contact","status":"publish","type":"page","link":"https:\/\/toplevelhomeloans.com\/en\/contact\/","title":{"rendered":"Contact us"},"content":{"rendered":"<div data-elementor-type=\"wp-page\" data-elementor-id=\"633\" class=\"elementor elementor-633\" data-elementor-post-type=\"page\">\n\t\t\t\t\t\t<section class=\"elementor-section elementor-top-section elementor-element elementor-element-23e50018 elementor-section-full_width elementor-section-height-min-height elementor-section-items-stretch elementor-section-content-top elementor-reverse-tablet elementor-section-height-default\" data-id=\"23e50018\" data-element_type=\"section\" data-settings=\"{&quot;background_background&quot;:&quot;classic&quot;}\">\n\t\t\t\t\t\t<div class=\"elementor-container elementor-column-gap-no\">\n\t\t\t\t\t<div class=\"elementor-column elementor-col-100 elementor-top-column elementor-element elementor-element-42d5d7ad\" data-id=\"42d5d7ad\" data-element_type=\"column\">\n\t\t\t<div class=\"elementor-widget-wrap elementor-element-populated\">\n\t\t\t\t\t\t<div class=\"elementor-element elementor-element-2bea08b1 elementor-widget__width-auto elementor-widget elementor-widget-heading\" data-id=\"2bea08b1\" data-element_type=\"widget\" data-widget_type=\"heading.default\">\n\t\t\t\t<div class=\"elementor-widget-container\">\n\t\t\t\t\t<h1 class=\"elementor-heading-title elementor-size-default\">Contact us<\/h1>\t\t\t\t<\/div>\n\t\t\t\t<\/div>\n\t\t\t\t<div class=\"elementor-element elementor-element-22a3088 elementor-widget elementor-widget-spacer\" data-id=\"22a3088\" data-element_type=\"widget\" data-widget_type=\"spacer.default\">\n\t\t\t\t<div class=\"elementor-widget-container\">\n\t\t\t\t\t\t\t<div class=\"elementor-spacer\">\n\t\t\t<div class=\"elementor-spacer-inner\"><\/div>\n\t\t<\/div>\n\t\t\t\t\t\t<\/div>\n\t\t\t\t<\/div>\n\t\t\t\t<div class=\"elementor-element elementor-element-b2d1954 elementor-align-center elementor-widget elementor-widget-button\" data-id=\"b2d1954\" data-element_type=\"widget\" data-widget_type=\"button.default\">\n\t\t\t\t<div class=\"elementor-widget-container\">\n\t\t\t\t\t\t\t\t\t<div class=\"elementor-button-wrapper\">\n\t\t\t\t\t<a class=\"elementor-button elementor-button-link elementor-size-sm\" href=\"#formulario-contacto\">\n\t\t\t\t\t\t<span class=\"elementor-button-content-wrapper\">\n\t\t\t\t\t\t<span class=\"elementor-button-icon\">\n\t\t\t\t<i aria-hidden=\"true\" class=\"far fa-arrow-alt-circle-down\"><\/i>\t\t\t<\/span>\n\t\t\t\t\t\t\t\t\t<span class=\"elementor-button-text\">CONTACT US<\/span>\n\t\t\t\t\t<\/span>\n\t\t\t\t\t<\/a>\n\t\t\t\t<\/div>\n\t\t\t\t\t\t\t\t<\/div>\n\t\t\t\t<\/div>\n\t\t\t\t\t<\/div>\n\t\t<\/div>\n\t\t\t\t\t<\/div>\n\t\t<\/section>\n\t\t\t\t<section class=\"elementor-section elementor-top-section elementor-element elementor-element-4c870df elementor-section-boxed elementor-section-height-default elementor-section-height-default\" data-id=\"4c870df\" data-element_type=\"section\" id=\"maps-contact\">\n\t\t\t\t\t\t<div class=\"elementor-container elementor-column-gap-default\">\n\t\t\t\t\t<div class=\"elementor-column elementor-col-50 elementor-top-column elementor-element elementor-element-d98f7ba\" data-id=\"d98f7ba\" data-element_type=\"column\">\n\t\t\t<div class=\"elementor-widget-wrap elementor-element-populated\">\n\t\t\t\t\t\t<div class=\"elementor-element elementor-element-bfafcbf elementor-widget elementor-widget-image\" data-id=\"bfafcbf\" data-element_type=\"widget\" data-widget_type=\"image.default\">\n\t\t\t\t<div class=\"elementor-widget-container\">\n\t\t\t\t\t\t\t\t\t\t\t\t\t\t\t<img fetchpriority=\"high\" decoding=\"async\" width=\"330\" height=\"340\" src=\"https:\/\/toplevelhomeloans.com\/wp-content\/uploads\/2022\/05\/comp1.gif\" class=\"attachment-medium_large size-medium_large wp-image-924\" alt=\"\" title=\"\">\t\t\t\t\t\t\t\t\t\t\t\t\t\t\t<\/div>\n\t\t\t\t<\/div>\n\t\t\t\t\t<\/div>\n\t\t<\/div>\n\t\t\t\t<div class=\"elementor-column elementor-col-50 elementor-top-column elementor-element elementor-element-43a0a3a\" data-id=\"43a0a3a\" data-element_type=\"column\" id=\"mapa\">\n\t\t\t<div class=\"elementor-widget-wrap elementor-element-populated\">\n\t\t\t\t\t\t<div class=\"elementor-element elementor-element-375bab6 elementor-widget__width-inherit elementor-widget elementor-widget-google_maps\" data-id=\"375bab6\" data-element_type=\"widget\" data-widget_type=\"google_maps.default\">\n\t\t\t\t<div class=\"elementor-widget-container\">\n\t\t\t\t\t\t\t<div class=\"elementor-custom-embed\">\n\t\t\t<iframe\n\t\t\t\t\tdata-src=\"https:\/\/maps.google.com\/maps?q=5939%20south%20redwood%20rd%20%20taylorsville%2C%20ut%2084123&#038;t=m&#038;z=12&#038;output=embed&#038;iwloc=near\"\n\t\t\t\t\ttitle=\"5939 south redwood rd  taylorsville, ut 84123\"\n\t\t\t\t\taria-label=\"5939 south redwood rd  taylorsville, ut 84123\"\n\t\t\t src=\"data:image\/gif;base64,R0lGODlhAQABAAAAACH5BAEKAAEALAAAAAABAAEAAAICTAEAOw==\" class=\"lazyload\" data-load-mode=\"1\"><\/iframe>\n\t\t<\/div>\n\t\t\t\t\t\t<\/div>\n\t\t\t\t<\/div>\n\t\t\t\t\t<\/div>\n\t\t<\/div>\n\t\t\t\t\t<\/div>\n\t\t<\/section>\n\t\t\t\t<section class=\"elementor-section elementor-top-section elementor-element elementor-element-38bf158 elementor-section-boxed elementor-section-height-default elementor-section-height-default\" data-id=\"38bf158\" data-element_type=\"section\">\n\t\t\t\t\t\t<div class=\"elementor-container elementor-column-gap-default\">\n\t\t\t\t\t<div class=\"elementor-column elementor-col-100 elementor-top-column elementor-element elementor-element-631f87b\" data-id=\"631f87b\" data-element_type=\"column\">\n\t\t\t<div class=\"elementor-widget-wrap elementor-element-populated\">\n\t\t\t\t\t\t<div class=\"elementor-element elementor-element-9c5a702 elementor-align-center elementor-icon-list--layout-traditional elementor-list-item-link-full_width elementor-widget elementor-widget-icon-list\" data-id=\"9c5a702\" data-element_type=\"widget\" data-widget_type=\"icon-list.default\">\n\t\t\t\t<div class=\"elementor-widget-container\">\n\t\t\t\t\t\t\t<ul class=\"elementor-icon-list-items\">\n\t\t\t\t\t\t\t<li class=\"elementor-icon-list-item\">\n\t\t\t\t\t\t\t\t\t\t\t<span class=\"elementor-icon-list-icon\">\n\t\t\t\t\t\t\t<svg xmlns=\"http:\/\/www.w3.org\/2000\/svg\" xmlns:xlink=\"http:\/\/www.w3.org\/1999\/xlink\" id=\"Capa_1\" x=\"0px\" y=\"0px\" viewbox=\"0 0 70 70\" xml:space=\"preserve\"><path fill=\"#F14643\" d=\"M21.4,4c1.1,0.3,1.8,1,2.6,1.8c2.8,2.9,5.7,5.7,8.5,8.5c1.7,1.7,1.7,3.7,0,5.4c-1.2,1.2-2.4,2.4-3.5,3.5 c-1.2,1.2-1.3,2.2-0.4,3.6c1.1,1.5,2.2,3,3.4,4.5c0.7,0.9,0.4,1.9-0.6,2.1c-0.4,0-0.9-0.1-1.2-0.4c-1.4-1.8-2.8-3.5-4-5.4 c-1.2-1.8-0.8-4.2,0.7-5.8c1.3-1.3,2.6-2.6,3.8-3.9c0.7-0.7,0.7-1.2,0-1.9c-3-3-6.1-6.1-9.1-9.1c-0.7-0.7-1.2-0.7-1.9,0 c-1.2,1.3-2.6,2.5-3.6,4c-2.6,3.8-2.9,7.9-0.8,11.9c6.5,12.6,15.7,22.6,28,29.8c1.9,1.1,3.7,2.2,5.8,2.7c4.3,1,8,0,11.3-2.9 c0.9-0.8,1.7-1.7,2.5-2.5c0.6-0.6,0.6-1.1,0-1.8c-3.1-3.1-6.2-6.2-9.3-9.2c-0.7-0.7-1.2-0.7-1.8,0c-1.2,1.2-2.5,2.5-3.7,3.7 c-1.9,1.9-4.2,2.1-6.5,0.6c-1.1-0.8-2.2-1.6-3.3-2.4c-0.7-0.5-0.8-1.2-0.4-1.8c0.4-0.6,1.2-0.6,1.9-0.1c1.1,0.8,2.2,1.6,3.3,2.4 c1.1,0.8,2.2,0.6,3.2-0.3c1.3-1.3,2.5-2.5,3.8-3.8c1.6-1.6,3.6-1.6,5.3,0c3.1,3,6.2,6.1,9.2,9.2c1.7,1.7,1.7,3.7,0,5.4 c-0.7,0.7-1.3,1.3-2,2c-2.1,2.1-4.5,3.5-7.4,4.1c-0.4,0.1-0.5,0.2-0.6,0.7c-0.4,4-4,7.3-8,7.4c-2.8,0.1-5.7,0.1-8.5,0 c-3.1-0.1-5.4-1.6-7-4.2c-0.3-0.4-0.5-0.9-0.8-1.4c-0.2,0.4-0.3,0.7-0.5,0.9c-0.6,1.3-1.3,2.6-1.9,3.9c-0.3,0.5-0.6,0.9-1.2,0.8 c-0.6,0-0.9-0.4-1.1-0.8c-0.8-1.6-1.6-3.2-2.4-4.8c-0.2,0.3-0.3,0.5-0.4,0.7c-0.7,1.4-1.4,2.8-2.1,4.2c-0.2,0.5-0.6,0.9-1.2,0.9 c-0.6,0-0.9-0.4-1.2-0.9c-0.8-1.6-1.6-3.2-2.4-4.8c-0.5,1-1,1.9-1.4,2.9c-0.4,0.7-0.7,1.4-1.1,2.1c-0.2,0.4-0.6,0.7-1.1,0.7 c-0.5,0-0.9-0.3-1.1-0.7c-0.7-1.4-1.4-2.8-2.1-4.3c-0.1-0.2-0.2-0.4-0.3-0.6c-0.1,0.2-0.2,0.4-0.3,0.6c-0.7,1.4-1.4,2.8-2.1,4.3 c-0.4,0.8-1,1-1.7,0.7c-0.7-0.3-0.9-1-0.5-1.8c1.1-2.3,2.3-4.6,3.4-6.9c0.2-0.5,0.6-0.8,1.2-0.8c0.6,0,1,0.3,1.2,0.9 c0.8,1.6,1.6,3.2,2.4,4.8c0.1-0.3,0.2-0.4,0.3-0.6c0.7-1.4,1.4-2.8,2.1-4.3c0.2-0.5,0.6-0.8,1.2-0.8c0.5,0,0.9,0.3,1.1,0.8 c0.8,1.6,1.6,3.2,2.5,4.9c0.4-0.7,0.7-1.3,1-1.9c0.5-1,1-1.9,1.5-2.9c0.2-0.5,0.6-0.9,1.2-0.9c0.6,0,0.9,0.4,1.2,0.8 c0.8,1.6,1.6,3.2,2.4,4.9c0.2-0.4,0.4-0.8,0.6-1.1c0.6-1.3,1.3-2.5,1.9-3.8c0.2-0.5,0.6-0.8,1.2-0.8c0.6,0,0.9,0.3,1.2,0.8 c0.5,1,1,2,1.5,3c1.2,2.2,3,3.3,5.5,3.4c2.6,0,5.2,0,7.8,0c2.8,0,5.2-2,5.8-4.8c0-0.1,0-0.3,0-0.4c-0.8-0.1-1.6-0.1-2.4-0.3 c-2.2-0.3-4.1-1.3-6-2.4c-8.2-4.4-15.2-10.3-21.2-17.5c-3.7-4.4-6.8-9.1-9.4-14.2c-2.8-5.5-1.8-12,2.5-16.4C16.3,7,17,6.4,17.5,5.8 C18.3,5,19.1,4.3,20.1,4C20.6,4,21,4,21.4,4z\"><\/path><\/svg>\t\t\t\t\t\t<\/span>\n\t\t\t\t\t\t\t\t\t\t<span class=\"elementor-icon-list-text\">Call us 801-462-9293<\/span>\n\t\t\t\t\t\t\t\t\t<\/li>\n\t\t\t\t\t\t\t\t<li class=\"elementor-icon-list-item\">\n\t\t\t\t\t\t\t\t\t\t\t<span class=\"elementor-icon-list-icon\">\n\t\t\t\t\t\t\t<svg xmlns=\"http:\/\/www.w3.org\/2000\/svg\" xmlns:xlink=\"http:\/\/www.w3.org\/1999\/xlink\" id=\"Capa_1\" x=\"0px\" y=\"0px\" viewbox=\"0 0 70 70\" xml:space=\"preserve\"><g>\t<g>\t\t<path fill=\"#F14643\" d=\"M32.2,69.6c-1.3-0.1-2.7-0.2-4-0.4c-4.1-0.5-8.2-1.3-11.8-3.4c-1.2-0.7-2.2-1.5-3.1-2.5   c-1.7-1.9-1.6-4.3-0.1-6.2c1.3-1.7,3.2-2.7,5.1-3.5c2.6-1.1,5.4-1.8,8.4-2.2c-0.2-0.3-0.4-0.5-0.5-0.7c-3-4-6.1-7.9-9-11.9   c-2.4-3.3-4.1-7-4.8-11.1C10.1,15.3,18.2,3.3,30.5,0.8c0.9-0.2,1.9-0.3,2.8-0.5c1.1,0,2.3,0,3.4,0c1.5,0.3,3,0.4,4.4,0.8   c9.2,2.4,16,10.6,16.8,20.1c0.5,5.8-1.1,11.1-4.1,16c-2.7,4.2-5.8,8.1-8.9,12c-0.5,0.6-1,1.3-1.5,2c1.1,0.2,2.2,0.4,3.2,0.6   c2.6,0.6,5.1,1.3,7.3,2.7c1,0.6,2,1.4,2.8,2.2c1.9,2,1.8,4.6,0,6.7c-1.2,1.4-2.7,2.3-4.3,3c-3.3,1.5-6.8,2.2-10.4,2.7   c-1.3,0.2-2.7,0.3-4,0.4C36,69.6,34.1,69.6,32.2,69.6z M35,57.8c0.2-0.3,0.3-0.4,0.5-0.6c3.1-4,6.1-8,9.2-12   c2.5-3.3,5.1-6.5,7.2-10c2.7-4.6,4-9.6,3.2-15C53.2,8,40.5,0.2,28.8,4C17.8,7.7,12,19.4,15.8,30.3c1.2,3.5,3.2,6.6,5.4,9.5   c3.4,4.4,6.8,8.8,10.2,13.2C32.6,54.6,33.8,56.2,35,57.8z M35,67c1.3-0.1,3.4-0.1,5.5-0.3c3.3-0.3,6.6-0.9,9.7-2.1   c1.6-0.6,3.2-1.4,4.4-2.7c1-1.1,1.1-2.3,0-3.3c-0.7-0.7-1.6-1.3-2.5-1.8c-3.2-1.7-6.6-2.4-10.2-2.8c-0.2,0-0.6,0.2-0.8,0.4   c-1.6,2.1-3.1,4.2-4.7,6.4c-0.9,1.2-1.8,1.2-2.7,0c-1.6-2.1-3.1-4.2-4.7-6.4c-0.2-0.3-0.5-0.5-0.9-0.4c-2.1,0.5-4.3,0.8-6.3,1.4   c-2.1,0.6-4.2,1.4-5.9,2.9c-1.6,1.4-1.6,2.8,0,4.1c1.1,0.9,2.4,1.6,3.7,2.1C24.2,66.3,29.1,66.8,35,67z\"><\/path>\t\t<path fill=\"#F14643\" d=\"M44.5,23.4c0,5.2-4.3,9.5-9.5,9.5c-5.2,0-9.5-4.3-9.5-9.5c0-5.2,4.3-9.4,9.5-9.4   C40.2,13.9,44.5,18.2,44.5,23.4z M35,16.6c-3.7,0-6.8,3-6.8,6.7c0,3.7,3,6.8,6.7,6.8c3.7,0,6.8-3,6.8-6.8   C41.8,19.6,38.7,16.6,35,16.6z\"><\/path>\t\t<path fill=\"#F14643\" d=\"M52.6,22.9c0,0.2,0,0.4,0,0.6c0,0.8-0.6,1.3-1.3,1.4c-0.7,0-1.4-0.6-1.4-1.4c0-1.8-0.3-3.5-0.9-5.2   c-1.6-4.2-4.5-7.2-8.7-8.9c-0.8-0.3-1.2-0.8-1.1-1.5c0.1-0.9,1-1.5,1.9-1.1c2.5,0.9,4.7,2.3,6.5,4.1   C50.7,14.3,52.4,18.3,52.6,22.9z\"><\/path>\t\t<path fill=\"#F14643\" d=\"M36.5,7.1c0,0.7-0.7,1.4-1.4,1.3c-0.7,0-1.3-0.6-1.3-1.4c0-0.8,0.7-1.4,1.4-1.3   C35.9,5.8,36.5,6.4,36.5,7.1z\"><\/path>\t<\/g><\/g><\/svg>\t\t\t\t\t\t<\/span>\n\t\t\t\t\t\t\t\t\t\t<span class=\"elementor-icon-list-text\">6007 South Redwood Rd Taylorsville, UT 84123<\/span>\n\t\t\t\t\t\t\t\t\t<\/li>\n\t\t\t\t\t\t<\/ul>\n\t\t\t\t\t\t<\/div>\n\t\t\t\t<\/div>\n\t\t\t\t\t<\/div>\n\t\t<\/div>\n\t\t\t\t\t<\/div>\n\t\t<\/section>\n\t\t\t\t<section class=\"elementor-section elementor-top-section elementor-element elementor-element-ef3445b elementor-section-boxed elementor-section-height-default elementor-section-height-default\" data-id=\"ef3445b\" data-element_type=\"section\">\n\t\t\t\t\t\t<div class=\"elementor-container elementor-column-gap-default\">\n\t\t\t\t\t<div class=\"elementor-column elementor-col-100 elementor-top-column elementor-element elementor-element-4a18042\" data-id=\"4a18042\" data-element_type=\"column\">\n\t\t\t<div class=\"elementor-widget-wrap elementor-element-populated\">\n\t\t\t\t\t\t<div class=\"elementor-element elementor-element-c02b19d elementor-align-center elementor-widget elementor-widget-button\" data-id=\"c02b19d\" data-element_type=\"widget\" data-widget_type=\"button.default\">\n\t\t\t\t<div class=\"elementor-widget-container\">\n\t\t\t\t\t\t\t\t\t<div class=\"elementor-button-wrapper\">\n\t\t\t\t\t<a class=\"elementor-button elementor-button-link elementor-size-lg elementor-animation-shrink\" href=\"https:\/\/api.whatsapp.com\/send?phone=18014629293\" target=\"_blank\" rel=\"noopener\">\n\t\t\t\t\t\t<span class=\"elementor-button-content-wrapper\">\n\t\t\t\t\t\t<span class=\"elementor-button-icon\">\n\t\t\t\t<svg xmlns=\"http:\/\/www.w3.org\/2000\/svg\" xmlns:xlink=\"http:\/\/www.w3.org\/1999\/xlink\" id=\"Capa_1\" x=\"0px\" y=\"0px\" viewbox=\"0 0 70 70\" xml:space=\"preserve\"><g>\t<path fill=\"#29A71A\" d=\"M33.8,0.9c0.8,0,1.6,0,2.4,0c1,0.1,2.1,0.2,3.1,0.3c5.1,0.7,9.8,2.3,14.1,5.1c9,6,14.2,14.3,15.5,25  c0.1,0.8,0.2,1.7,0.3,2.5c0,0.8,0,1.6,0,2.4c-0.1,0.3-0.1,0.7-0.2,1c-0.2,1.3-0.2,2.6-0.5,3.9c-1.1,6.2-3.8,11.7-8,16.4  c-5.8,6.5-13.1,10.3-21.8,11.3c-0.9,0.1-1.7,0.2-2.6,0.3c-0.8,0-1.6,0-2.4,0c-0.3-0.1-0.7-0.1-1-0.2c-1.6-0.2-3.2-0.3-4.7-0.6  c-8.3-1.8-15-6-20.1-12.7c-3.8-5-6.1-10.6-6.7-16.8c-0.1-0.9-0.2-1.7-0.3-2.6c0-0.8,0-1.6,0-2.4c0.1-0.3,0.1-0.7,0.2-1  c0.2-1.3,0.2-2.6,0.5-3.9C2.6,22.6,5.3,17,9.6,12.3c5.8-6.4,13-10.2,21.6-11.1C32.1,1,32.9,1,33.8,0.9z M56.3,34.8  c-0.2-1.4-0.3-2.9-0.6-4.3C53.2,19,42.5,11.8,30.9,14c-9.3,1.8-16.7,9.8-17.1,20.2c-0.1,3.4,0.6,6.6,2,9.7c0.1,0.3,0.2,0.7,0.1,1.1  c-0.7,3.3-1.4,6.6-2,9.9c-0.2,1.2,0.2,1.6,1.4,1.4c3.2-0.8,6.4-1.5,9.6-2.3c0.4-0.1,0.8,0,1.2,0.1c4,1.8,8.2,2.4,12.5,1.6  C48.8,54,56.2,45.1,56.3,34.8z\"><\/path>\t<path fill=\"#FFFFFF\" d=\"M56.3,34.8C56.2,45.1,48.8,54,38.7,55.7c-4.4,0.8-8.5,0.2-12.5-1.6c-0.3-0.2-0.8-0.2-1.2-0.1  c-3.2,0.7-6.4,1.5-9.6,2.3c-1.2,0.3-1.6-0.2-1.4-1.4c0.7-3.3,1.4-6.6,2-9.9c0.1-0.3,0-0.8-0.1-1.1c-1.4-3.1-2.2-6.3-2-9.7  c0.4-10.3,7.8-18.4,17.1-20.2c11.6-2.2,22.4,4.9,24.9,16.5C56.1,31.9,56.2,33.4,56.3,34.8z M19.7,50.3c0.3,0,0.5-0.1,0.6-0.1  c1.6-0.4,3.2-0.7,4.8-1.2c0.7-0.2,1.3-0.1,1.9,0.2c3.3,1.7,6.7,2.4,10.4,1.8c9.3-1.4,15.6-10.3,13.7-19.5  c-2.3-11.4-15.3-17-25.1-10.7c-5.6,3.6-8.5,10.2-7.4,16.7c0.3,1.9,1,3.7,1.9,5.4c0.3,0.6,0.3,1.1,0.2,1.7  C20.4,46.5,20.1,48.4,19.7,50.3z\"><\/path>\t<path fill=\"#29A71A\" d=\"M19.7,50.3c0.4-2,0.8-3.8,1.2-5.6c0.1-0.6,0.1-1.1-0.2-1.7c-0.9-1.7-1.6-3.5-1.9-5.4  c-1.1-6.6,1.8-13.1,7.4-16.7c9.8-6.2,22.8-0.7,25.1,10.7c1.9,9.2-4.4,18.1-13.7,19.5c-3.7,0.5-7.1-0.1-10.4-1.8  c-0.6-0.3-1.2-0.4-1.9-0.2c-1.6,0.4-3.2,0.8-4.8,1.2C20.1,50.3,20,50.3,19.7,50.3z M40.6,45.3c0.7-0.1,1.4-0.2,2-0.3  c1.6-0.4,2.5-1.6,3.4-2.8c0.9-1.3,0.4-2.4-1-2.8c-1-0.3-2-0.5-3-0.9c-1.2-0.5-2.1-0.2-3,0.8c-1,1.1-1.5,1.1-2.7,0.4  c-2.2-1.4-4.2-3.1-5.8-5.1c-0.9-1.1-0.9-1.6,0-2.7c0.2-0.2,0.5-0.5,0.5-0.7c0.1-0.5,0.3-1.1,0.2-1.5c-0.5-1.4-1.1-2.7-1.8-4  c-0.5-0.9-1.5-1.2-2.4-0.5c-0.6,0.5-1.1,1-1.6,1.5c-0.9,1-1.3,2.2-1.2,3.6c0.1,1.7,0.6,3.3,1.4,4.8c2.1,3.5,5,6.2,8.5,8.4  C36.1,44.4,38.2,45.2,40.6,45.3z\"><\/path>\t<path fill=\"#FFFFFF\" d=\"M40.6,45.3c-2.3-0.1-4.4-0.9-6.3-2.1c-3.5-2.2-6.4-4.9-8.5-8.4c-0.9-1.5-1.4-3.1-1.4-4.8  c0-1.4,0.4-2.5,1.2-3.6c0.5-0.6,1-1.1,1.6-1.5c0.8-0.7,1.9-0.4,2.4,0.5c0.6,1.3,1.3,2.6,1.8,4c0.2,0.4,0,1-0.2,1.5  c-0.1,0.3-0.4,0.5-0.5,0.7c-0.9,1.1-0.9,1.6,0,2.7c1.6,2,3.6,3.8,5.8,5.1c1.2,0.8,1.7,0.7,2.7-0.4c0.8-1,1.7-1.2,3-0.8  c1,0.4,2,0.6,3,0.9c1.5,0.4,1.9,1.6,1,2.8c-0.9,1.3-1.8,2.4-3.4,2.8C41.9,45.1,41.2,45.1,40.6,45.3z\"><\/path><\/g><\/svg>\t\t\t<\/span>\n\t\t\t\t\t\t\t\t\t<span class=\"elementor-button-text\">Contact us through Whatsapp <\/span>\n\t\t\t\t\t<\/span>\n\t\t\t\t\t<\/a>\n\t\t\t\t<\/div>\n\t\t\t\t\t\t\t\t<\/div>\n\t\t\t\t<\/div>\n\t\t\t\t\t<\/div>\n\t\t<\/div>\n\t\t\t\t\t<\/div>\n\t\t<\/section>\n\t\t\t\t<section class=\"elementor-section elementor-top-section elementor-element elementor-element-20da072 elementor-section-full_width elementor-section-height-default elementor-section-height-default\" data-id=\"20da072\" data-element_type=\"section\" data-settings=\"{&quot;background_background&quot;:&quot;classic&quot;}\">\n\t\t\t\t\t\t<div class=\"elementor-container elementor-column-gap-default\">\n\t\t\t\t\t<div class=\"elementor-column elementor-col-100 elementor-top-column elementor-element elementor-element-54ea880\" data-id=\"54ea880\" data-element_type=\"column\" id=\"formulario-contacto\" data-settings=\"{&quot;background_background&quot;:&quot;classic&quot;}\">\n\t\t\t<div class=\"elementor-widget-wrap elementor-element-populated\">\n\t\t\t\t\t\t<div class=\"elementor-element elementor-element-dba18de elementor-widget elementor-widget-heading\" data-id=\"dba18de\" data-element_type=\"widget\" data-widget_type=\"heading.default\">\n\t\t\t\t<div class=\"elementor-widget-container\">\n\t\t\t\t\t<h2 class=\"elementor-heading-title elementor-size-default\">We advise you<\/h2>\t\t\t\t<\/div>\n\t\t\t\t<\/div>\n\t\t\t\t<div class=\"elementor-element elementor-element-20346cf elementor-button-align-stretch elementor-widget elementor-widget-form\" data-id=\"20346cf\" data-element_type=\"widget\" data-settings=\"{&quot;step_next_label&quot;:&quot;Siguiente&quot;,&quot;step_previous_label&quot;:&quot;Anterior&quot;,&quot;button_width&quot;:&quot;100&quot;,&quot;step_type&quot;:&quot;number_text&quot;,&quot;step_icon_shape&quot;:&quot;circle&quot;}\" data-widget_type=\"form.default\">\n\t\t\t\t<div class=\"elementor-widget-container\">\n\t\t\t\t\t\t\t<form class=\"elementor-form\" method=\"post\" action=\"\" >\n\t\t\t<input type=\"hidden\" name=\"post_id\" value=\"633\"\/>\n\t\t\t<input type=\"hidden\" name=\"form_id\" value=\"20346cf\"\/>\n\t\t\t<input type=\"hidden\" name=\"referer_title\" value=\"\" \/>\n\n\t\t\t\n\t\t\t<div class=\"elementor-form-fields-wrapper elementor-labels-above\">\n\t\t\t\t\t\t\t\t<div class=\"elementor-field-type-text elementor-field-group elementor-column elementor-field-group-name elementor-col-100\">\n\t\t\t\t\t\t\t\t\t\t\t\t<label for=\"form-field-name\" class=\"elementor-field-label\">\n\t\t\t\t\t\t\t\tName\t\t\t\t\t\t\t<\/label>\n\t\t\t\t\t\t\t\t\t\t\t\t\t\t<input size=\"1\" type=\"text\" name=\"form_fields[name]\" id=\"form-field-name\" class=\"elementor-field elementor-size-sm  elementor-field-textual\" placeholder=\"Name\">\n\t\t\t\t\t\t\t\t\t\t\t<\/div>\n\t\t\t\t\t\t\t\t<div class=\"elementor-field-type-email elementor-field-group elementor-column elementor-field-group-email elementor-col-100 elementor-field-required\">\n\t\t\t\t\t\t\t\t\t\t\t\t<label for=\"form-field-email\" class=\"elementor-field-label\">\n\t\t\t\t\t\t\t\tEmail\t\t\t\t\t\t\t<\/label>\n\t\t\t\t\t\t\t\t\t\t\t\t\t\t<input size=\"1\" type=\"email\" name=\"form_fields[email]\" id=\"form-field-email\" class=\"elementor-field elementor-size-sm  elementor-field-textual\" placeholder=\"Email\" required=\"required\">\n\t\t\t\t\t\t\t\t\t\t\t<\/div>\n\t\t\t\t\t\t\t\t<div class=\"elementor-field-type-text elementor-field-group elementor-column elementor-field-group-field_198b660 elementor-col-100\">\n\t\t\t\t\t\t\t\t\t\t\t\t<label for=\"form-field-field_198b660\" class=\"elementor-field-label\">\n\t\t\t\t\t\t\t\tPhone number\t\t\t\t\t\t\t<\/label>\n\t\t\t\t\t\t\t\t\t\t\t\t\t\t<input size=\"1\" type=\"text\" name=\"form_fields[field_198b660]\" id=\"form-field-field_198b660\" class=\"elementor-field elementor-size-sm  elementor-field-textual\" placeholder=\"Phone number\">\n\t\t\t\t\t\t\t\t\t\t\t<\/div>\n\t\t\t\t\t\t\t\t<div class=\"elementor-field-type-textarea elementor-field-group elementor-column elementor-field-group-message elementor-col-100\">\n\t\t\t\t\t\t\t\t\t\t\t\t<label for=\"form-field-message\" class=\"elementor-field-label\">\n\t\t\t\t\t\t\t\tMessage\t\t\t\t\t\t\t<\/label>\n\t\t\t\t\t\t<textarea class=\"elementor-field-textual elementor-field  elementor-size-sm\" name=\"form_fields[message]\" id=\"form-field-message\" rows=\"4\" placeholder=\"Message\"><\/textarea>\t\t\t\t<\/div>\n\t\t\t\t\t\t\t\t<div class=\"elementor-field-type-radio elementor-field-group elementor-column elementor-field-group-field_86f283a elementor-col-100 elementor-field-required\">\n\t\t\t\t\t<div class=\"elementor-field-subgroup\"><span class=\"elementor-field-option\"><input type=\"radio\" value=\"He le\u00eddo y acepto la &lt;a rel=&quot;nofollow&quot; href=&quot;http:\/\/toplevelhomeloans.com\/index.php\/politica-privacidad\/&quot;&gt;Pol\u00edtica de Privacidad.&lt;\/a&gt; *\" id=\"form-field-field_86f283a-0\" name=\"form_fields[field_86f283a]\" required=\"required\"> <label for=\"form-field-field_86f283a-0\">I already read and accept the <a rel=\"nofollow\" href=\"http:\/\/toplevelhomeloans.com\/index.php\/politica-privacidad\/\">Privacy politic<\/a> *<\/label><\/span><\/div>\t\t\t\t<\/div>\n\t\t\t\t\t\t\t\t<div class=\"elementor-field-type-recaptcha elementor-field-group elementor-column elementor-field-group-field_4338fbc elementor-col-100\">\n\t\t\t\t\t<div class=\"elementor-field\" id=\"form-field-field_4338fbc\"><div class=\"elementor-g-recaptcha\" data-sitekey=\"6LcGym4mAAAAAAjW3513JsYVJ_UONRXzwD68CNHB\" data-type=\"v2_checkbox\" data-theme=\"light\" data-size=\"normal\"><\/div><\/div>\t\t\t\t<\/div>\n\t\t\t\t\t\t\t\t<div class=\"elementor-field-group elementor-column elementor-field-type-submit elementor-col-100 e-form__buttons\">\n\t\t\t\t\t<button class=\"elementor-button elementor-size-sm\" type=\"submit\">\n\t\t\t\t\t\t<span class=\"elementor-button-content-wrapper\">\n\t\t\t\t\t\t\t\t\t\t\t\t\t\t\t\t\t\t\t\t\t\t<span class=\"elementor-button-text\">Send<\/span>\n\t\t\t\t\t\t\t\t\t\t\t\t\t<\/span>\n\t\t\t\t\t<\/button>\n\t\t\t\t<\/div>\n\t\t\t<\/div>\n\t\t<input type=\"hidden\" name=\"trp-form-language\" value=\"en\"\/><\/form>\n\t\t\t\t\t\t<\/div>\n\t\t\t\t<\/div>\n\t\t\t\t\t<\/div>\n\t\t<\/div>\n\t\t\t\t\t<\/div>\n\t\t<\/section>\n\t\t\t\t<\/div>","protected":false},"excerpt":{"rendered":"<p>Cont\u00e1ctanos CONT\u00c1CTANOS Llamanos 801-462-9293 6007 South Redwood Rd Taylorsville, UT 84123 Cont\u00e1ctanos por Whatsapp 801 &#8211; 462 &#8211; 9293 Te asesoramos!<\/p>","protected":false},"author":1,"featured_media":0,"parent":0,"menu_order":0,"comment_status":"closed","ping_status":"closed","template":"elementor_header_footer","meta":{"om_disable_all_campaigns":false,"_monsterinsights_skip_tracking":false,"_monsterinsights_sitenote_active":false,"_monsterinsights_sitenote_note":"","_monsterinsights_sitenote_category":0,"footnotes":""},"_links":{"self":[{"href":"https:\/\/toplevelhomeloans.com\/en\/wp-json\/wp\/v2\/pages\/633"}],"collection":[{"href":"https:\/\/toplevelhomeloans.com\/en\/wp-json\/wp\/v2\/pages"}],"about":[{"href":"https:\/\/toplevelhomeloans.com\/en\/wp-json\/wp\/v2\/types\/page"}],"author":[{"embeddable":true,"href":"https:\/\/toplevelhomeloans.com\/en\/wp-json\/wp\/v2\/users\/1"}],"replies":[{"embeddable":true,"href":"https:\/\/toplevelhomeloans.com\/en\/wp-json\/wp\/v2\/comments?post=633"}],"version-history":[{"count":4,"href":"https:\/\/toplevelhomeloans.com\/en\/wp-json\/wp\/v2\/pages\/633\/revisions"}],"predecessor-version":[{"id":3242,"href":"https:\/\/toplevelhomeloans.com\/en\/wp-json\/wp\/v2\/pages\/633\/revisions\/3242"}],"wp:attachment":[{"href":"https:\/\/toplevelhomeloans.com\/en\/wp-json\/wp\/v2\/media?parent=633"}],"curies":[{"name":"wp","href":"https:\/\/api.w.org\/{rel}","templated":true}]}}