{"id":2456,"date":"2022-08-05T19:44:42","date_gmt":"2022-08-05T19:44:42","guid":{"rendered":"https:\/\/toplevelhomeloans.com\/?page_id=2456"},"modified":"2023-08-14T20:36:28","modified_gmt":"2023-08-14T20:36:28","slug":"financial-education-books","status":"publish","type":"page","link":"https:\/\/toplevelhomeloans.com\/en\/financial-education-books\/","title":{"rendered":"Blog"},"content":{"rendered":"<div data-elementor-type=\"wp-page\" data-elementor-id=\"2456\" class=\"elementor elementor-2456\" data-elementor-post-type=\"page\">\n\t\t\t\t\t\t<section class=\"elementor-section elementor-top-section elementor-element elementor-element-23e50018 elementor-section-full_width elementor-section-height-min-height elementor-section-items-stretch elementor-section-content-middle elementor-reverse-tablet elementor-section-height-default\" data-id=\"23e50018\" data-element_type=\"section\" data-settings=\"{&quot;background_background&quot;:&quot;classic&quot;}\">\n\t\t\t\t\t\t<div class=\"elementor-container elementor-column-gap-no\">\n\t\t\t\t\t<div class=\"elementor-column elementor-col-100 elementor-top-column elementor-element elementor-element-42d5d7ad\" data-id=\"42d5d7ad\" data-element_type=\"column\">\n\t\t\t<div class=\"elementor-widget-wrap elementor-element-populated\">\n\t\t\t\t\t\t<div class=\"elementor-element elementor-element-2bea08b1 elementor-widget__width-auto elementor-widget elementor-widget-heading\" data-id=\"2bea08b1\" data-element_type=\"widget\" data-widget_type=\"heading.default\">\n\t\t\t\t<div class=\"elementor-widget-container\">\n\t\t\t\t\t<h1 class=\"elementor-heading-title elementor-size-default\">Financial education books<\/h1>\t\t\t\t<\/div>\n\t\t\t\t<\/div>\n\t\t\t\t<div class=\"elementor-element elementor-element-22a3088 elementor-widget elementor-widget-spacer\" data-id=\"22a3088\" data-element_type=\"widget\" data-widget_type=\"spacer.default\">\n\t\t\t\t<div class=\"elementor-widget-container\">\n\t\t\t\t\t\t\t<div class=\"elementor-spacer\">\n\t\t\t<div class=\"elementor-spacer-inner\"><\/div>\n\t\t<\/div>\n\t\t\t\t\t\t<\/div>\n\t\t\t\t<\/div>\n\t\t\t\t<div class=\"elementor-element elementor-element-b2d1954 elementor-align-center elementor-widget elementor-widget-button\" data-id=\"b2d1954\" data-element_type=\"widget\" data-widget_type=\"button.default\">\n\t\t\t\t<div class=\"elementor-widget-container\">\n\t\t\t\t\t\t\t\t\t<div class=\"elementor-button-wrapper\">\n\t\t\t\t\t<a class=\"elementor-button elementor-button-link elementor-size-sm\" href=\"#\">\n\t\t\t\t\t\t<span class=\"elementor-button-content-wrapper\">\n\t\t\t\t\t\t<span class=\"elementor-button-icon\">\n\t\t\t\t<i aria-hidden=\"true\" class=\"far fa-arrow-alt-circle-down\"><\/i>\t\t\t<\/span>\n\t\t\t\t\t\t\t\t\t<span class=\"elementor-button-text\">READ MORE<\/span>\n\t\t\t\t\t<\/span>\n\t\t\t\t\t<\/a>\n\t\t\t\t<\/div>\n\t\t\t\t\t\t\t\t<\/div>\n\t\t\t\t<\/div>\n\t\t\t\t\t<\/div>\n\t\t<\/div>\n\t\t\t\t\t<\/div>\n\t\t<\/section>\n\t\t\t\t<section class=\"elementor-section elementor-top-section elementor-element elementor-element-1d228ad elementor-section-boxed elementor-section-height-default elementor-section-height-default\" data-id=\"1d228ad\" data-element_type=\"section\">\n\t\t\t\t\t\t<div class=\"elementor-container elementor-column-gap-default\">\n\t\t\t\t\t<div class=\"elementor-column elementor-col-100 elementor-top-column elementor-element elementor-element-783fd66\" data-id=\"783fd66\" data-element_type=\"column\">\n\t\t\t<div class=\"elementor-widget-wrap elementor-element-populated\">\n\t\t\t\t\t\t<div class=\"elementor-element elementor-element-a78c4d8 elementor-widget elementor-widget-heading\" data-id=\"a78c4d8\" data-element_type=\"widget\" data-widget_type=\"heading.default\">\n\t\t\t\t<div class=\"elementor-widget-container\">\n\t\t\t\t\t<h2 class=\"elementor-heading-title elementor-size-default\">Financial education books <\/h2>\t\t\t\t<\/div>\n\t\t\t\t<\/div>\n\t\t\t\t\t<\/div>\n\t\t<\/div>\n\t\t\t\t\t<\/div>\n\t\t<\/section>\n\t\t\t\t<section class=\"elementor-section elementor-top-section elementor-element elementor-element-4c870df elementor-section-boxed elementor-section-height-default elementor-section-height-default\" data-id=\"4c870df\" data-element_type=\"section\">\n\t\t\t\t\t\t<div class=\"elementor-container elementor-column-gap-default\">\n\t\t\t\t\t<div class=\"elementor-column elementor-col-100 elementor-top-column elementor-element elementor-element-43a0a3a\" data-id=\"43a0a3a\" data-element_type=\"column\">\n\t\t\t<div class=\"elementor-widget-wrap elementor-element-populated\">\n\t\t\t\t\t\t<div class=\"elementor-element elementor-element-ac7e9c0 elementor-widget elementor-widget-text-editor\" data-id=\"ac7e9c0\" data-element_type=\"widget\" data-widget_type=\"text-editor.default\">\n\t\t\t\t<div class=\"elementor-widget-container\">\n\t\t\t\t\t\t\t\t\tBecome an expert\n\nLearn with us about finances, housing, housing and more.\t\t\t\t\t\t\t\t<\/div>\n\t\t\t\t<\/div>\n\t\t\t\t\t<\/div>\n\t\t<\/div>\n\t\t\t\t\t<\/div>\n\t\t<\/section>\n\t\t\t\t<section class=\"elementor-section elementor-top-section elementor-element elementor-element-d293bde elementor-section-boxed elementor-section-height-default elementor-section-height-default\" data-id=\"d293bde\" data-element_type=\"section\">\n\t\t\t\t\t\t<div class=\"elementor-container elementor-column-gap-default\">\n\t\t\t\t\t<div class=\"elementor-column elementor-col-100 elementor-top-column elementor-element elementor-element-c7eed58\" data-id=\"c7eed58\" data-element_type=\"column\">\n\t\t\t<div class=\"elementor-widget-wrap elementor-element-populated\">\n\t\t\t\t\t\t<div class=\"elementor-element elementor-element-800b019 elementor-widget elementor-widget-blogmentor_blog_posts\" data-id=\"800b019\" data-element_type=\"widget\" data-widget_type=\"blogmentor_blog_posts.default\">\n\t\t\t\t<div class=\"elementor-widget-container\">\n\t\t\t\t\t\t\t\n\t\t\t\t<script>\n\tjQuery(function($) {\n    \/\/ init Masonry\n    var $grid = $('.bm-masonry-grid').masonry({\n        \/\/ options\n        itemSelector: '.bm-masonry-item',\n       \n    });\n    \/\/ layout Masonry after each image loads\n    $grid.imagesLoaded().progress( function() {\n        $grid.masonry('layout');\n    });\n});\n<\/script>\n\n<div class=\"bm-masonry-style-1\">\n\t<div class=\"bm-masonry-grid\">\n\t\t\t\t<div class=\"bm-masonry-item bm_content_box\">\n\t\t\t\t<div class=\"bm-post-image clearfix bm-hover-effect bm-hover-effect-blur\">\n\t\t\t\t<img fetchpriority=\"high\" decoding=\"async\" width=\"1080\" height=\"1080\" src=\"https:\/\/toplevelhomeloans.com\/wp-content\/uploads\/2022\/12\/semana3_Nov_TL-17.jpg\" class=\"attachment-1536x1536 size-1536x1536 wp-post-image\" alt=\"\" srcset=\"https:\/\/toplevelhomeloans.com\/wp-content\/uploads\/2022\/12\/semana3_Nov_TL-17.jpg 1080w, https:\/\/toplevelhomeloans.com\/wp-content\/uploads\/2022\/12\/semana3_Nov_TL-17-300x300.jpg 300w, https:\/\/toplevelhomeloans.com\/wp-content\/uploads\/2022\/12\/semana3_Nov_TL-17-1024x1024.jpg 1024w, https:\/\/toplevelhomeloans.com\/wp-content\/uploads\/2022\/12\/semana3_Nov_TL-17-150x150.jpg 150w, https:\/\/toplevelhomeloans.com\/wp-content\/uploads\/2022\/12\/semana3_Nov_TL-17-768x768.jpg 768w, https:\/\/toplevelhomeloans.com\/wp-content\/uploads\/2022\/12\/semana3_Nov_TL-17-12x12.jpg 12w, https:\/\/toplevelhomeloans.com\/wp-content\/uploads\/2022\/12\/semana3_Nov_TL-17-250x250.jpg 250w\" sizes=\"(max-width: 1080px) 100vw, 1080px\" title=\"\">\t\t\t\t<\/div>\n\t\t\t\t\t\t\t\t<div class=\"bm-masonry-wrapper\">\n\t\t\t\t\t<div class=\"bm-masonry-title\">\n\t\t\t\t\t<h4 class=\"bm_title\"><a href=\"https:\/\/toplevelhomeloans.com\/en\/prestamo-fha-para-casa-con-multiples-unidades\/\" rel=\"bookmark\">FHA loan for Multi-unit properties<\/a><\/h4>\t\t\t\t\t<\/div>\n\t\t\t\t\t<div class=\"bm-masonry-desc bm_content\">\n\t\t\t\t\t\u00bfSab\u00eda que un pr\u00e9stamo de la FHA se puede usar para comprar una casa de dos, tres o incluso cuatro unidades?En este video, te mostrar\u00e9<a href=\"https:\/\/toplevelhomeloans.com\/en\/prestamo-fha-para-casa-con-multiples-unidades\/\" rel=\"bookmark\" class=\"bm-read-more entry-read-more\">Leer m\u00e1s \u00bb<\/a>\t\t\t\t\t<\/div>\n\t\t\t\t\t<div class=\"bm-masonry-meta bm_meta\">\n\t\t\t\t\t\t\t\t\t\t<\/div>\n\t\t\t\t<\/div>\n\t\t\t\t\t\t<\/div>\n\t\t\t\t<div class=\"bm-masonry-item bm_content_box\">\n\t\t\t\t<div class=\"bm-post-image clearfix bm-hover-effect bm-hover-effect-blur\">\n\t\t\t\t<img decoding=\"async\" width=\"1080\" height=\"1080\" data-src=\"https:\/\/toplevelhomeloans.com\/wp-content\/uploads\/2022\/11\/semana2_Nov_TL-12.jpg\" class=\"attachment-1536x1536 size-1536x1536 wp-post-image lazyload\" alt=\"\" data-srcset=\"https:\/\/toplevelhomeloans.com\/wp-content\/uploads\/2022\/11\/semana2_Nov_TL-12.jpg 1080w, https:\/\/toplevelhomeloans.com\/wp-content\/uploads\/2022\/11\/semana2_Nov_TL-12-300x300.jpg 300w, https:\/\/toplevelhomeloans.com\/wp-content\/uploads\/2022\/11\/semana2_Nov_TL-12-1024x1024.jpg 1024w, https:\/\/toplevelhomeloans.com\/wp-content\/uploads\/2022\/11\/semana2_Nov_TL-12-150x150.jpg 150w, https:\/\/toplevelhomeloans.com\/wp-content\/uploads\/2022\/11\/semana2_Nov_TL-12-768x768.jpg 768w, https:\/\/toplevelhomeloans.com\/wp-content\/uploads\/2022\/11\/semana2_Nov_TL-12-12x12.jpg 12w, https:\/\/toplevelhomeloans.com\/wp-content\/uploads\/2022\/11\/semana2_Nov_TL-12-250x250.jpg 250w\" data-sizes=\"(max-width: 1080px) 100vw, 1080px\" title=\"\" src=\"data:image\/gif;base64,R0lGODlhAQABAAAAACH5BAEKAAEALAAAAAABAAEAAAICTAEAOw==\" style=\"--smush-placeholder-width: 1080px; --smush-placeholder-aspect-ratio: 1080\/1080;\">\t\t\t\t<\/div>\n\t\t\t\t\t\t\t\t<div class=\"bm-masonry-wrapper\">\n\t\t\t\t\t<div class=\"bm-masonry-title\">\n\t\t\t\t\t<h4 class=\"bm_title\"><a href=\"https:\/\/toplevelhomeloans.com\/en\/nuevos-limites-del-conforming-loan\/\" rel=\"bookmark\">Home Owners Insurance vs Home Warranty<\/a><\/h4>\t\t\t\t\t<\/div>\n\t\t\t\t\t<div class=\"bm-masonry-desc bm_content\">\n\t\t\t\t\t\u00a1Hola! En este blog hablaremos sobre los nuevos l\u00edmites de pr\u00e9stamos conformes.\u00bfPor qu\u00e9 son significativos?Si esta es la primera vez que visitas nuestra p\u00e1gina, mi<a href=\"https:\/\/toplevelhomeloans.com\/en\/nuevos-limites-del-conforming-loan\/\" rel=\"bookmark\" class=\"bm-read-more entry-read-more\">Leer m\u00e1s \u00bb<\/a>\t\t\t\t\t<\/div>\n\t\t\t\t\t<div class=\"bm-masonry-meta bm_meta\">\n\t\t\t\t\t\t\t\t\t\t<\/div>\n\t\t\t\t<\/div>\n\t\t\t\t\t\t<\/div>\n\t\t\t\t<div class=\"bm-masonry-item bm_content_box\">\n\t\t\t\t<div class=\"bm-post-image clearfix bm-hover-effect bm-hover-effect-blur\">\n\t\t\t\t<img decoding=\"async\" width=\"1080\" height=\"1080\" data-src=\"https:\/\/toplevelhomeloans.com\/wp-content\/uploads\/2022\/11\/semana1_TL_Noviembre-09.jpg\" class=\"attachment-1536x1536 size-1536x1536 wp-post-image lazyload\" alt=\"\" data-srcset=\"https:\/\/toplevelhomeloans.com\/wp-content\/uploads\/2022\/11\/semana1_TL_Noviembre-09.jpg 1080w, https:\/\/toplevelhomeloans.com\/wp-content\/uploads\/2022\/11\/semana1_TL_Noviembre-09-300x300.jpg 300w, https:\/\/toplevelhomeloans.com\/wp-content\/uploads\/2022\/11\/semana1_TL_Noviembre-09-1024x1024.jpg 1024w, https:\/\/toplevelhomeloans.com\/wp-content\/uploads\/2022\/11\/semana1_TL_Noviembre-09-150x150.jpg 150w, https:\/\/toplevelhomeloans.com\/wp-content\/uploads\/2022\/11\/semana1_TL_Noviembre-09-768x768.jpg 768w, https:\/\/toplevelhomeloans.com\/wp-content\/uploads\/2022\/11\/semana1_TL_Noviembre-09-12x12.jpg 12w, https:\/\/toplevelhomeloans.com\/wp-content\/uploads\/2022\/11\/semana1_TL_Noviembre-09-250x250.jpg 250w\" data-sizes=\"(max-width: 1080px) 100vw, 1080px\" title=\"\" src=\"data:image\/gif;base64,R0lGODlhAQABAAAAACH5BAEKAAEALAAAAAABAAEAAAICTAEAOw==\" style=\"--smush-placeholder-width: 1080px; --smush-placeholder-aspect-ratio: 1080\/1080;\">\t\t\t\t<\/div>\n\t\t\t\t\t\t\t\t<div class=\"bm-masonry-wrapper\">\n\t\t\t\t\t<div class=\"bm-masonry-title\">\n\t\t\t\t\t<h4 class=\"bm_title\"><a href=\"https:\/\/toplevelhomeloans.com\/en\/garantia-vs-seguro-de-casa\/\" rel=\"bookmark\">Home Owners Insurance vs Home Warranty<\/a><\/h4>\t\t\t\t\t<\/div>\n\t\t\t\t\t<div class=\"bm-masonry-desc bm_content\">\n\t\t\t\t\t\u00bfEst\u00e1s en el proceso de comprar una casa y te han dicho que te ofrecen una garant\u00eda o que el vendedor est\u00e1 dispuesto a pagar<a href=\"https:\/\/toplevelhomeloans.com\/en\/garantia-vs-seguro-de-casa\/\" rel=\"bookmark\" class=\"bm-read-more entry-read-more\">Leer m\u00e1s \u00bb<\/a>\t\t\t\t\t<\/div>\n\t\t\t\t\t<div class=\"bm-masonry-meta bm_meta\">\n\t\t\t\t\t\t\t\t\t\t<\/div>\n\t\t\t\t<\/div>\n\t\t\t\t\t\t<\/div>\n\t\t\t\t<div class=\"bm-masonry-item bm_content_box\">\n\t\t\t\t<div class=\"bm-post-image clearfix bm-hover-effect bm-hover-effect-blur\">\n\t\t\t\t<img decoding=\"async\" width=\"1080\" height=\"1080\" data-src=\"https:\/\/toplevelhomeloans.com\/wp-content\/uploads\/2022\/09\/Blog_semana2_SEP_TL_Mesa-de-trabajo-1.jpg\" class=\"attachment-1536x1536 size-1536x1536 wp-post-image lazyload\" alt=\"\" data-srcset=\"https:\/\/toplevelhomeloans.com\/wp-content\/uploads\/2022\/09\/Blog_semana2_SEP_TL_Mesa-de-trabajo-1.jpg 1080w, https:\/\/toplevelhomeloans.com\/wp-content\/uploads\/2022\/09\/Blog_semana2_SEP_TL_Mesa-de-trabajo-1-300x300.jpg 300w, https:\/\/toplevelhomeloans.com\/wp-content\/uploads\/2022\/09\/Blog_semana2_SEP_TL_Mesa-de-trabajo-1-1024x1024.jpg 1024w, https:\/\/toplevelhomeloans.com\/wp-content\/uploads\/2022\/09\/Blog_semana2_SEP_TL_Mesa-de-trabajo-1-150x150.jpg 150w, https:\/\/toplevelhomeloans.com\/wp-content\/uploads\/2022\/09\/Blog_semana2_SEP_TL_Mesa-de-trabajo-1-768x768.jpg 768w, https:\/\/toplevelhomeloans.com\/wp-content\/uploads\/2022\/09\/Blog_semana2_SEP_TL_Mesa-de-trabajo-1-12x12.jpg 12w, https:\/\/toplevelhomeloans.com\/wp-content\/uploads\/2022\/09\/Blog_semana2_SEP_TL_Mesa-de-trabajo-1-250x250.jpg 250w\" data-sizes=\"(max-width: 1080px) 100vw, 1080px\" title=\"\" src=\"data:image\/gif;base64,R0lGODlhAQABAAAAACH5BAEKAAEALAAAAAABAAEAAAICTAEAOw==\" style=\"--smush-placeholder-width: 1080px; --smush-placeholder-aspect-ratio: 1080\/1080;\">\t\t\t\t<\/div>\n\t\t\t\t\t\t\t\t<div class=\"bm-masonry-wrapper\">\n\t\t\t\t\t<div class=\"bm-masonry-title\">\n\t\t\t\t\t<h4 class=\"bm_title\"><a href=\"https:\/\/toplevelhomeloans.com\/en\/es-mejor-el-prestamo-fha-o-el-convencional\/\" rel=\"bookmark\">Let\u2019s talk about loans: FHA vs Conventional Loan<\/a><\/h4>\t\t\t\t\t<\/div>\n\t\t\t\t\t<div class=\"bm-masonry-desc bm_content\">\n\t\t\t\t\tMi gente, si nunca ha estado con nosotros antes, mi nombre es Miguel G\u00f3mez de Top Level Home Loans, en esta p\u00e1gina hablamos sobre las<a href=\"https:\/\/toplevelhomeloans.com\/en\/es-mejor-el-prestamo-fha-o-el-convencional\/\" rel=\"bookmark\" class=\"bm-read-more entry-read-more\">Leer m\u00e1s \u00bb<\/a>\t\t\t\t\t<\/div>\n\t\t\t\t\t<div class=\"bm-masonry-meta bm_meta\">\n\t\t\t\t\t\t\t\t\t\t<\/div>\n\t\t\t\t<\/div>\n\t\t\t\t\t\t<\/div>\n\t\t\t\t<div class=\"bm-masonry-item bm_content_box\">\n\t\t\t\t<div class=\"bm-post-image clearfix bm-hover-effect bm-hover-effect-blur\">\n\t\t\t\t<img decoding=\"async\" width=\"1080\" height=\"1080\" data-src=\"https:\/\/toplevelhomeloans.com\/wp-content\/uploads\/2022\/09\/Blog_semana1_SEP_TL_Mesa-de-trabajo-.jpg\" class=\"attachment-1536x1536 size-1536x1536 wp-post-image lazyload\" alt=\"\" data-srcset=\"https:\/\/toplevelhomeloans.com\/wp-content\/uploads\/2022\/09\/Blog_semana1_SEP_TL_Mesa-de-trabajo-.jpg 1080w, https:\/\/toplevelhomeloans.com\/wp-content\/uploads\/2022\/09\/Blog_semana1_SEP_TL_Mesa-de-trabajo--300x300.jpg 300w, https:\/\/toplevelhomeloans.com\/wp-content\/uploads\/2022\/09\/Blog_semana1_SEP_TL_Mesa-de-trabajo--1024x1024.jpg 1024w, https:\/\/toplevelhomeloans.com\/wp-content\/uploads\/2022\/09\/Blog_semana1_SEP_TL_Mesa-de-trabajo--150x150.jpg 150w, https:\/\/toplevelhomeloans.com\/wp-content\/uploads\/2022\/09\/Blog_semana1_SEP_TL_Mesa-de-trabajo--768x768.jpg 768w, https:\/\/toplevelhomeloans.com\/wp-content\/uploads\/2022\/09\/Blog_semana1_SEP_TL_Mesa-de-trabajo--12x12.jpg 12w, https:\/\/toplevelhomeloans.com\/wp-content\/uploads\/2022\/09\/Blog_semana1_SEP_TL_Mesa-de-trabajo--250x250.jpg 250w\" data-sizes=\"(max-width: 1080px) 100vw, 1080px\" title=\"\" src=\"data:image\/gif;base64,R0lGODlhAQABAAAAACH5BAEKAAEALAAAAAABAAEAAAICTAEAOw==\" style=\"--smush-placeholder-width: 1080px; --smush-placeholder-aspect-ratio: 1080\/1080;\">\t\t\t\t<\/div>\n\t\t\t\t\t\t\t\t<div class=\"bm-masonry-wrapper\">\n\t\t\t\t\t<div class=\"bm-masonry-title\">\n\t\t\t\t\t<h4 class=\"bm_title\"><a href=\"https:\/\/toplevelhomeloans.com\/en\/que-es-el-seguro-mortgage-insurance-premium\/\" rel=\"bookmark\">What is the Mortgage insurance premium?<\/a><\/h4>\t\t\t\t\t<\/div>\n\t\t\t\t\t<div class=\"bm-masonry-desc bm_content\">\n\t\t\t\t\tEl d\u00eda de hoy vamos a hablar de los pr\u00e9stamos FHA, pero en particular vamos a estar hablando del mortgage insurance premium, vamos a hablar<a href=\"https:\/\/toplevelhomeloans.com\/en\/que-es-el-seguro-mortgage-insurance-premium\/\" rel=\"bookmark\" class=\"bm-read-more entry-read-more\">Leer m\u00e1s \u00bb<\/a>\t\t\t\t\t<\/div>\n\t\t\t\t\t<div class=\"bm-masonry-meta bm_meta\">\n\t\t\t\t\t\t\t\t\t\t<\/div>\n\t\t\t\t<\/div>\n\t\t\t\t\t\t<\/div>\n\t\t\t\t<div class=\"bm-masonry-item bm_content_box\">\n\t\t\t\t<div class=\"bm-post-image clearfix bm-hover-effect bm-hover-effect-blur\">\n\t\t\t\t<img decoding=\"async\" width=\"500\" height=\"561\" data-src=\"https:\/\/toplevelhomeloans.com\/wp-content\/uploads\/2022\/08\/Blog-Top-L-3.png\" class=\"attachment-1536x1536 size-1536x1536 wp-post-image lazyload\" alt=\"\" data-srcset=\"https:\/\/toplevelhomeloans.com\/wp-content\/uploads\/2022\/08\/Blog-Top-L-3.png 500w, https:\/\/toplevelhomeloans.com\/wp-content\/uploads\/2022\/08\/Blog-Top-L-3-267x300.png 267w, https:\/\/toplevelhomeloans.com\/wp-content\/uploads\/2022\/08\/Blog-Top-L-3-11x12.png 11w\" data-sizes=\"(max-width: 500px) 100vw, 500px\" title=\"\" src=\"data:image\/gif;base64,R0lGODlhAQABAAAAACH5BAEKAAEALAAAAAABAAEAAAICTAEAOw==\" style=\"--smush-placeholder-width: 500px; --smush-placeholder-aspect-ratio: 500\/561;\">\t\t\t\t<\/div>\n\t\t\t\t\t\t\t\t<div class=\"bm-masonry-wrapper\">\n\t\t\t\t\t<div class=\"bm-masonry-title\">\n\t\t\t\t\t<h4 class=\"bm_title\"><a href=\"https:\/\/toplevelhomeloans.com\/en\/can-i-co-sign-in-another-payment-when-im-applying-to-buy-a-house\/\" rel=\"bookmark\">Can I co-sign in another payment when I\u2019m applying to buy a house?<\/a><\/h4>\t\t\t\t\t<\/div>\n\t\t\t\t\t<div class=\"bm-masonry-desc bm_content\">\n\t\t\t\t\tI've had several of my clients tell me in the past, \"Oh no, I'm only a cosigner on that loan,\" and they assume that it<a href=\"https:\/\/toplevelhomeloans.com\/en\/can-i-co-sign-in-another-payment-when-im-applying-to-buy-a-house\/\" rel=\"bookmark\" class=\"bm-read-more entry-read-more\">Leer m\u00e1s \u00bb<\/a>\t\t\t\t\t<\/div>\n\t\t\t\t\t<div class=\"bm-masonry-meta bm_meta\">\n\t\t\t\t\t\t\t\t\t\t<\/div>\n\t\t\t\t<\/div>\n\t\t\t\t\t\t<\/div>\n\t\t<\/div>\n<\/div>\t\t\t<div class=\"bm-pagination pagination_style_2\">\n\t\t\t\t<span aria-current=\"page\" class=\"page-numbers current\">1<\/span>\n<a class=\"page-numbers\" href=\"https:\/\/toplevelhomeloans.com\/en\/wp-json\/wp\/v2\/pages\/2456\/page\/2\/\">2<\/a>\n<a class=\"page-numbers\" href=\"https:\/\/toplevelhomeloans.com\/en\/wp-json\/wp\/v2\/pages\/2456\/page\/3\/\">3<\/a>\n<a class=\"next page-numbers\" href=\"https:\/\/toplevelhomeloans.com\/en\/wp-json\/wp\/v2\/pages\/2456\/page\/2\/\">  <i><\/i><\/a>\t\t\t<\/div>\n\t\t\t\t\t\t<\/div>\n\t\t\t\t<\/div>\n\t\t\t\t\t<\/div>\n\t\t<\/div>\n\t\t\t\t\t<\/div>\n\t\t<\/section>\n\t\t\t\t<\/div>","protected":false},"excerpt":{"rendered":"<p>Financial education books VER M\u00c1S Financial education books Convi\u00e9rtete en un experto Aprende con nosotros sobre finanzas, pr\u00e9stamos, viviendas y m\u00e1s. 1 2<\/p>","protected":false},"author":1,"featured_media":0,"parent":0,"menu_order":0,"comment_status":"closed","ping_status":"closed","template":"elementor_header_footer","meta":{"om_disable_all_campaigns":false,"_monsterinsights_skip_tracking":false,"_monsterinsights_sitenote_active":false,"_monsterinsights_sitenote_note":"","_monsterinsights_sitenote_category":0,"footnotes":""},"_links":{"self":[{"href":"https:\/\/toplevelhomeloans.com\/en\/wp-json\/wp\/v2\/pages\/2456"}],"collection":[{"href":"https:\/\/toplevelhomeloans.com\/en\/wp-json\/wp\/v2\/pages"}],"about":[{"href":"https:\/\/toplevelhomeloans.com\/en\/wp-json\/wp\/v2\/types\/page"}],"author":[{"embeddable":true,"href":"https:\/\/toplevelhomeloans.com\/en\/wp-json\/wp\/v2\/users\/1"}],"replies":[{"embeddable":true,"href":"https:\/\/toplevelhomeloans.com\/en\/wp-json\/wp\/v2\/comments?post=2456"}],"version-history":[{"count":0,"href":"https:\/\/toplevelhomeloans.com\/en\/wp-json\/wp\/v2\/pages\/2456\/revisions"}],"wp:attachment":[{"href":"https:\/\/toplevelhomeloans.com\/en\/wp-json\/wp\/v2\/media?parent=2456"}],"curies":[{"name":"wp","href":"https:\/\/api.w.org\/{rel}","templated":true}]}}